{"id":7,"date":"2012-10-25T10:41:34","date_gmt":"2012-10-25T08:41:34","guid":{"rendered":"http:\/\/www.ablonczy.hu\/?page_id=7"},"modified":"2021-08-05T13:30:45","modified_gmt":"2021-08-05T11:30:45","slug":"letoltesek","status":"publish","type":"page","link":"https:\/\/www.ablonczy.hu\/epitoipar\/letoltesek\/","title":{"rendered":"Let\u00f6lt\u00e9sek"},"content":{"rendered":"\n<p><strong>Biztons\u00e1gtechnikai adatlapok<\/strong><\/p>\n\n\n\n<p><a href=\"http:\/\/www.ablonczy.hu\/epitoipar\/wp-content\/uploads\/2012\/10\/Biztons\u00e1gi-adatlap-m\u0171gyanta-20170112.pdf\">Ablonczy m\u0171gyanta<\/a><\/p>\n\n\n\n<p><a href=\"http:\/\/www.ablonczy.hu\/epitoipar\/wp-content\/uploads\/2012\/10\/Biztons\u00e1gi-adatlap-\u00fcvegsz\u00e1l-paplan-20170112.pdf\">Ablonczy \u00fcvegsz\u00e1l paplan<\/a><\/p>\n\n\n\n<p><a href=\"http:\/\/www.ablonczy.hu\/epitoipar\/wp-content\/uploads\/2012\/10\/Biztons\u00e1gi-adatlap-\u00fcvegsz\u00e1l-sz\u00f6vet-20170112.pdf\">Ablonczy \u00fcvegsz\u00e1l sz\u00f6vet<\/a><\/p>\n\n\n\n<hr class=\"wp-block-separator is-style-wide\"\/>\n\n\n\n<p><strong>Teljes\u00edtm\u00e9ny nyilatkozat<\/strong><\/p>\n\n\n\n<p><a href=\"http:\/\/www.ablonczy.hu\/epitoipar\/wp-content\/uploads\/2012\/10\/Ablonczy-m\u0171gyanta-Teljes\u00edtm\u00e9ny-nyilatkozat.pdf\">Ablonczy m\u0171gyanta teljes\u00edtm\u00e9ny nyilatkozat<\/a><\/p>\n\n\n\n<hr class=\"wp-block-separator is-style-wide\"\/>\n\n\n\n<p><strong>Min\u0151s\u00e9gi bizony\u00edtv\u00e1ny<\/strong><\/p>\n\n\n\n<p><a href=\"http:\/\/www.ablonczy.hu\/epitoipar\/wp-content\/uploads\/2012\/10\/M\u0171gyanta-padl\u00f3-min\u0151s\u00e9gi-bizony\u00edtv\u00e1ny-2017.pdf\">M\u0171gyanta padl\u00f3 min\u0151s\u00e9gi bizony\u00edtv\u00e1ny<\/a><\/p>\n\n\n\n<hr class=\"wp-block-separator is-style-wide\"\/>\n\n\n\n<p><\/p>\n\n\n\n<p><\/p>\n","protected":false},"excerpt":{"rendered":"<p>Biztons\u00e1gtechnikai adatlapok Ablonczy m\u0171gyanta Ablonczy \u00fcvegsz\u00e1l paplan Ablonczy \u00fcvegsz\u00e1l sz\u00f6vet Teljes\u00edtm\u00e9ny nyilatkozat Ablonczy m\u0171gyanta teljes\u00edtm\u00e9ny nyilatkozat Min\u0151s\u00e9gi bizony\u00edtv\u00e1ny M\u0171gyanta padl\u00f3 min\u0151s\u00e9gi bizony\u00edtv\u00e1ny<\/p>\n","protected":false},"author":2,"featured_media":0,"parent":0,"menu_order":0,"comment_status":"closed","ping_status":"open","template":"","meta":[],"_links":{"self":[{"href":"https:\/\/www.ablonczy.hu\/epitoipar\/wp-json\/wp\/v2\/pages\/7"}],"collection":[{"href":"https:\/\/www.ablonczy.hu\/epitoipar\/wp-json\/wp\/v2\/pages"}],"about":[{"href":"https:\/\/www.ablonczy.hu\/epitoipar\/wp-json\/wp\/v2\/types\/page"}],"author":[{"embeddable":true,"href":"https:\/\/www.ablonczy.hu\/epitoipar\/wp-json\/wp\/v2\/users\/2"}],"replies":[{"embeddable":true,"href":"https:\/\/www.ablonczy.hu\/epitoipar\/wp-json\/wp\/v2\/comments?post=7"}],"version-history":[{"count":21,"href":"https:\/\/www.ablonczy.hu\/epitoipar\/wp-json\/wp\/v2\/pages\/7\/revisions"}],"predecessor-version":[{"id":903,"href":"https:\/\/www.ablonczy.hu\/epitoipar\/wp-json\/wp\/v2\/pages\/7\/revisions\/903"}],"wp:attachment":[{"href":"https:\/\/www.ablonczy.hu\/epitoipar\/wp-json\/wp\/v2\/media?parent=7"}],"curies":[{"name":"wp","href":"https:\/\/api.w.org\/{rel}","templated":true}]}}