{"id":60,"date":"2012-10-25T11:28:54","date_gmt":"2012-10-25T09:28:54","guid":{"rendered":"http:\/\/www.ablonczy.hu\/?page_id=60"},"modified":"2021-07-13T11:45:30","modified_gmt":"2021-07-13T09:45:30","slug":"partnereink","status":"publish","type":"page","link":"https:\/\/www.ablonczy.hu\/epitoipar\/partnereink\/","title":{"rendered":"Viszontelad\u00f3ink"},"content":{"rendered":"<table width=\"757\">\n<tbody>\n<tr>\n<td width=\"193\">Partner neve:<\/td>\n<td width=\"274\">C\u00edme:<\/td>\n<td width=\"175\">Telefonsz\u00e1ma:<\/td>\n<td width=\"115\">Webc\u00edme:<\/td>\n<\/tr>\n<tr>\n<td>Alba-Fess Kft.<\/td>\n<td>Sz\u00e9kesfeh\u00e9rv\u00e1r, M\u00f3ri u. 51.<\/td>\n<td>22\/340-816<\/td>\n<td>albafess.hu<\/td>\n<\/tr>\n<tr>\n<td>Bazis-Art-Kemik\u00e1l FATA Kft.<\/td>\n<td>Budapest, Tin\u00f3di u. 3 1201<\/td>\n<td>1\/283-1201<\/td>\n<td>bazisfata.hu<\/td>\n<\/tr>\n<tr>\n<td>Bazis-Art-Kemik\u00e1l FATA Kft.<\/td>\n<td>P\u00e9cs, T\u00fcsk\u00e9sr\u00e9ti u. 5.<\/td>\n<td>72\/517-589<\/td>\n<td>bazisfata.hu<\/td>\n<\/tr>\n<tr>\n<td>Borsod Dekor<\/td>\n<td>Miskolc, Gy\u0151ri k. 24\/a<\/td>\n<td>46\/417-477<\/td>\n<td>borsoddekor.hu<\/td>\n<\/tr>\n<tr>\n<td>Chemostart-orsz\u00e1gos h\u00e1l\u00f3zat<\/td>\n<td>Hajd\u00faszoboszl\u00f3, Kossuth u. 131.<\/td>\n<td>52\/362-140<\/td>\n<td>chemostart.hu<\/td>\n<\/tr>\n<tr>\n<td>Color Fest\u00e9kudvar<\/td>\n<td>Gy\u00f6ngy\u00f6s, Pesti u. 32.<\/td>\n<td>37\/312-189<\/td>\n<td>colorfestek.hu<\/td>\n<\/tr>\n<tr>\n<td>FEBA 2000 Kft.<\/td>\n<td>Ny\u00edregyh\u00e1za, Orosi u. 15.<\/td>\n<td>42\/453-738<\/td>\n<td>feba2000.hu<\/td>\n<\/tr>\n<tr>\n<td>FEBA 2000 Kft.<\/td>\n<td>Budapest, Istv\u00e1ntelki u. 62. 1045<\/td>\n<td>1\/272-2500<\/td>\n<td>feba2000.hu<\/td>\n<\/tr>\n<tr>\n<td>FEBA 2000 Kft.<\/td>\n<td>Miskolc, Szinva u. 2-4.<\/td>\n<td>46\/412-521<\/td>\n<td>feba2000.hu<\/td>\n<\/tr>\n<tr>\n<td>Fess&#8217;N Fest\u00e9kdiszkont<\/td>\n<td>Budapest, \u00dcll\u0151i u. 513. 1182<\/td>\n<td>1\/290-0785<\/td>\n<td>fessn.hu<\/td>\n<\/tr>\n<tr>\n<td>Fest\u00e9k Centrum Kft.<\/td>\n<td>Eger, Sas u. 94.<\/td>\n<td>36\/412-985<\/td>\n<td>festekcentrum.hu<\/td>\n<\/tr>\n<tr>\n<td>Fest\u00e9k Centrum Kft.<\/td>\n<td>F\u00fczesabony, Hunyadi J. u. 35.<\/td>\n<td>36\/341-468<\/td>\n<td>festekcentrum.hu<\/td>\n<\/tr>\n<tr>\n<td>Fest\u00e9k Centrum Kft.<\/td>\n<td>Tiszaf\u00fcred, F\u0151 u. 54.<\/td>\n<td>59\/352-679<\/td>\n<td>festekcentrum.hu<\/td>\n<\/tr>\n<tr>\n<td>Flamesco-Bau Kft.<\/td>\n<td>Miskolc, Fonoda u. 2.<\/td>\n<td>20\/999-8669<\/td>\n<td><\/td>\n<\/tr>\n<tr>\n<td>Ok.Ker Kft.<\/td>\n<td>P\u00e9cs, Hajn\u00f3czy u. 6.<\/td>\n<td>72\/251-715<\/td>\n<td><\/td>\n<\/tr>\n<tr>\n<td>Piktor Fest\u00e9k \u00dczletl\u00e1nc Kft.<\/td>\n<td>Budapest, Retek u. 5.<\/td>\n<td>1\/316-0408<\/td>\n<td>piktorfestek.hu<\/td>\n<\/tr>\n<tr>\n<td>Piktor Fest\u00e9k \u00dczletl\u00e1nc Kft.<\/td>\n<td>Budapest, K\u00e1lv\u00e1ria u. 28.<\/td>\n<td>1\/333-8982<\/td>\n<td>piktorfestek.hu<\/td>\n<\/tr>\n<tr>\n<td>Piktor Fest\u00e9k \u00dczletl\u00e1nc Kft.<\/td>\n<td>Kecskem\u00e9t, J\u00f3kai u. 35.<\/td>\n<td>30\/688-9707<\/td>\n<td>piktorfestek.hu<\/td>\n<\/tr>\n<tr>\n<td>Piktor Fest\u00e9k \u00dczletl\u00e1nc Kft.<\/td>\n<td>Sz\u00e9kesfeh\u00e9rv\u00e1r, Pozsonyi u. 99\/c<\/td>\n<td>30\/688-9720<\/td>\n<td>piktorfestek.hu<\/td>\n<\/tr>\n<tr>\n<td>Piktor Fest\u00e9k \u00dczletl\u00e1nc Kft.<\/td>\n<td>Tiszak\u00e9cske, B\u00e9ke u. 130.<\/td>\n<td>76\/540-499<\/td>\n<td>piktorfestek.hu<\/td>\n<\/tr>\n<tr>\n<td>Piktor Fest\u00e9k \u00dczletl\u00e1nc Kft.<\/td>\n<td>Sz\u00e9kesfeh\u00e9rv\u00e1r, Tobak u. 11-13.<\/td>\n<td>30\/587-4659<\/td>\n<td>piktorfestek.hu<\/td>\n<\/tr>\n<tr>\n<td>Piktor Fest\u00e9k \u00dczletl\u00e1nc Kft.<\/td>\n<td>Zalaegerszeg, Kanizsai u. 2727\/2 HRSZ<\/td>\n<td>92\/596-825<\/td>\n<td>piktorfestek.hu<\/td>\n<\/tr>\n<tr>\n<td>Piktor Fest\u00e9k \u00dczletl\u00e1nc Kft.<\/td>\n<td>Budapest, Tatai u. 12. 1135<\/td>\n<td>1\/270-9060<\/td>\n<td>piktorfestek.hu<\/td>\n<\/tr>\n<tr>\n<td>Piktor Fest\u00e9k \u00dczletl\u00e1nc Kft.<\/td>\n<td>Dunaharaszti, N\u00e9medi u. 20.<\/td>\n<td>24\/490-020<\/td>\n<td>piktorfestek.hu<\/td>\n<\/tr>\n<tr>\n<td>Piktor Fest\u00e9k \u00dczletl\u00e1nc Kft.<\/td>\n<td>F\u00f3t, K\u00e1rolyi I. u. 32.<\/td>\n<td>27\/358-13<\/td>\n<td>piktorfestek.hu<\/td>\n<\/tr>\n<tr>\n<td>Piktor Fest\u00e9k \u00dczletl\u00e1nc Kft.<\/td>\n<td>Gy\u00f6ngy\u00f6s, M\u00e1trai u. 8.<\/td>\n<td>37\/311-749<\/td>\n<td>piktorfestek.hu<\/td>\n<\/tr>\n<tr>\n<td>Piktor Fest\u00e9k \u00dczletl\u00e1nc Kft.<\/td>\n<td>Hatvan, Tan\u00e1cs u. 2.<\/td>\n<td>37\/340-216<\/td>\n<td>piktorfestek.hu<\/td>\n<\/tr>\n<tr>\n<td>Piktor Fest\u00e9k \u00dczletl\u00e1nc Kft.<\/td>\n<td>Szentendre, St\u00e9ger k\u00f6z 2.<\/td>\n<td>26\/302-944<\/td>\n<td>piktorfestek.hu<\/td>\n<\/tr>\n<tr>\n<td>Plus-Energia Systems Kft.<\/td>\n<td>webshop<\/td>\n<td><\/td>\n<td>hoszigetelohaz.hu<\/td>\n<\/tr>\n<tr>\n<td>Sc. Star Decor Srl.<\/td>\n<td>ROMANIA BIHOR, Santion 101\/A 417078<\/td>\n<td>+40359402897<\/td>\n<td>stardecor.ro<\/td>\n<\/tr>\n<tr>\n<td>SOS Fest\u00e9k<\/td>\n<td>Ajka, Kinizsi u. 3\/A<\/td>\n<td>20\/207-0852<\/td>\n<td><\/td>\n<\/tr>\n<tr>\n<td>STIMMEL Kft.<\/td>\n<td>Tapolca, Gyulakeszi u. 85\/10 HRSZ<\/td>\n<td>87\/510-680<\/td>\n<td><\/td>\n<\/tr>\n<tr>\n<td>Var\u00e1zsecset Fest\u00e9kbolt<\/td>\n<td>Szeksz\u00e1rd, Hunyadi u. 5.<\/td>\n<td>20\/228-8305<\/td>\n<td>vecset.hu<\/td>\n<\/tr>\n<tr>\n<td>VIP Color Kft.<\/td>\n<td>Miskolc, J\u00f3zsef A. u. 33.<\/td>\n<td>46\/348-891<\/td>\n<td>kolor.hu<\/td>\n<\/tr>\n<tr>\n<td>Zotek Import Kft.<\/td>\n<td>Szatymaz, 4-es k\u00f6rzet 238\/B<\/td>\n<td>20\/9351724<\/td>\n<td>zotek.hu<\/td>\n<\/tr>\n<tr>\n<td>P.B. Color Kft.<\/td>\n<td>2040 Buda\u00f6rs, Szabads\u00e1g \u00fat 103.<\/td>\n<td>23\/415 292<\/td>\n<td>pbcolor.hu<\/td>\n<\/tr>\n<\/tbody>\n<\/table>\n","protected":false},"excerpt":{"rendered":"<p>Partner neve: C\u00edme: Telefonsz\u00e1ma: Webc\u00edme: Alba-Fess Kft. Sz\u00e9kesfeh\u00e9rv\u00e1r, M\u00f3ri u. 51. 22\/340-816 albafess.hu Bazis-Art-Kemik\u00e1l FATA Kft. Budapest, Tin\u00f3di u. 3 1201 1\/283-1201 bazisfata.hu Bazis-Art-Kemik\u00e1l FATA&hellip;<\/p>\n","protected":false},"author":2,"featured_media":0,"parent":0,"menu_order":0,"comment_status":"closed","ping_status":"open","template":"","meta":[],"_links":{"self":[{"href":"https:\/\/www.ablonczy.hu\/epitoipar\/wp-json\/wp\/v2\/pages\/60"}],"collection":[{"href":"https:\/\/www.ablonczy.hu\/epitoipar\/wp-json\/wp\/v2\/pages"}],"about":[{"href":"https:\/\/www.ablonczy.hu\/epitoipar\/wp-json\/wp\/v2\/types\/page"}],"author":[{"embeddable":true,"href":"https:\/\/www.ablonczy.hu\/epitoipar\/wp-json\/wp\/v2\/users\/2"}],"replies":[{"embeddable":true,"href":"https:\/\/www.ablonczy.hu\/epitoipar\/wp-json\/wp\/v2\/comments?post=60"}],"version-history":[{"count":16,"href":"https:\/\/www.ablonczy.hu\/epitoipar\/wp-json\/wp\/v2\/pages\/60\/revisions"}],"predecessor-version":[{"id":866,"href":"https:\/\/www.ablonczy.hu\/epitoipar\/wp-json\/wp\/v2\/pages\/60\/revisions\/866"}],"wp:attachment":[{"href":"https:\/\/www.ablonczy.hu\/epitoipar\/wp-json\/wp\/v2\/media?parent=60"}],"curies":[{"name":"wp","href":"https:\/\/api.w.org\/{rel}","templated":true}]}}