{"id":55,"date":"2012-10-25T11:26:28","date_gmt":"2012-10-25T09:26:28","guid":{"rendered":"http:\/\/www.ablonczy.hu\/?page_id=55"},"modified":"2021-07-13T11:44:17","modified_gmt":"2021-07-13T09:44:17","slug":"kapcsolat","status":"publish","type":"page","link":"https:\/\/www.ablonczy.hu\/epitoipar\/kapcsolat\/","title":{"rendered":"Kapcsolat"},"content":{"rendered":"<table border=\"0\" width=\"500\" align=\"center\">\n<tbody>\n<tr>\n<td style=\"text-align: center;\" width=\"457\"><em><strong>Ablonczy Vegyiterm\u00e9k Technikai Kft.<\/strong><\/em><\/td>\n<\/tr>\n<tr>\n<td style=\"text-align: center;\">H-3533 Miskolc, Mexik\u00f3v\u00f6lgy 1-3.<\/td>\n<\/tr>\n<tr>\n<td style=\"text-align: center;\">Lev\u00e9lc\u00edm: 3510 Miskolc Pf.:638<\/td>\n<\/tr>\n<tr>\n<td style=\"text-align: center;\">Telefon: +36-46\/530-407<\/td>\n<\/tr>\n<tr>\n<td style=\"text-align: center;\">Fax: +36-46\/530-406<\/td>\n<\/tr>\n<tr>\n<td style=\"text-align: center;\">Mobil: +36-70\/943-1146<\/td>\n<\/tr>\n<tr>\n<td style=\"text-align: center;\">E-mail: <strong><a href=\"mailto:ablonczy@ablonczy.hu\"><span style=\"color: #0056ff;\">ablonczy@ablonczy.hu <\/span> <\/a> <\/strong><\/td>\n<\/tr>\n<tr>\n<td><\/td>\n<\/tr>\n<\/tbody>\n<\/table>\n<p><iframe loading=\"lazy\" src=\"https:\/\/maps.google.hu\/maps?f=q&amp;source=s_q&amp;hl=en&amp;geocode=&amp;q=Miskolc,+Mexik%C3%B3v%C3%B6lgy+1&amp;aq=t&amp;sll=48.114139,21.09002&amp;sspn=1.619168,4.22699&amp;t=h&amp;ie=UTF8&amp;hq=&amp;hnear=3533+Miskolc,+Mexik%C3%B3v%C3%B6lgy+utca+1&amp;ll=48.095337,20.716438&amp;spn=0.020064,0.070381&amp;z=14&amp;iwloc=A&amp;output=embed\" width=\"820\" height=\"350\" frameborder=\"0\" marginwidth=\"0\" marginheight=\"0\" scrolling=\"no\"><\/iframe><br \/>\n<small><\/small><\/p>\n","protected":false},"excerpt":{"rendered":"<p>Ablonczy Vegyiterm\u00e9k Technikai Kft. H-3533 Miskolc, Mexik\u00f3v\u00f6lgy 1-3. Lev\u00e9lc\u00edm: 3510 Miskolc Pf.:638 Telefon: +36-46\/530-407 Fax: +36-46\/530-406 Mobil: +36-70\/943-1146 E-mail: ablonczy@ablonczy.hu<\/p>\n","protected":false},"author":2,"featured_media":0,"parent":0,"menu_order":0,"comment_status":"closed","ping_status":"open","template":"","meta":[],"_links":{"self":[{"href":"https:\/\/www.ablonczy.hu\/epitoipar\/wp-json\/wp\/v2\/pages\/55"}],"collection":[{"href":"https:\/\/www.ablonczy.hu\/epitoipar\/wp-json\/wp\/v2\/pages"}],"about":[{"href":"https:\/\/www.ablonczy.hu\/epitoipar\/wp-json\/wp\/v2\/types\/page"}],"author":[{"embeddable":true,"href":"https:\/\/www.ablonczy.hu\/epitoipar\/wp-json\/wp\/v2\/users\/2"}],"replies":[{"embeddable":true,"href":"https:\/\/www.ablonczy.hu\/epitoipar\/wp-json\/wp\/v2\/comments?post=55"}],"version-history":[{"count":6,"href":"https:\/\/www.ablonczy.hu\/epitoipar\/wp-json\/wp\/v2\/pages\/55\/revisions"}],"predecessor-version":[{"id":865,"href":"https:\/\/www.ablonczy.hu\/epitoipar\/wp-json\/wp\/v2\/pages\/55\/revisions\/865"}],"wp:attachment":[{"href":"https:\/\/www.ablonczy.hu\/epitoipar\/wp-json\/wp\/v2\/media?parent=55"}],"curies":[{"name":"wp","href":"https:\/\/api.w.org\/{rel}","templated":true}]}}