{"id":34,"date":"2012-10-25T11:05:29","date_gmt":"2012-10-25T09:05:29","guid":{"rendered":"http:\/\/www.ablonczy.hu\/?page_id=34"},"modified":"2021-07-13T14:27:44","modified_gmt":"2021-07-13T12:27:44","slug":"mugyanta","status":"publish","type":"page","link":"http:\/\/www.ablonczy.hu\/epitoipar\/termekeink\/mugyanta\/","title":{"rendered":"M\u0171gyanta"},"content":{"rendered":"\n<p><strong><u>M\u0170GYANTA &#8211; \u00c1ltal\u00e1nos tudnival\u00f3k<\/u><\/strong><\/p>\n\n\n\n<p><strong>A hordoz\u00f3fel\u00fclettel szemben t\u00e1masztott k\u00f6vetelm\u00e9nyek: <\/strong>Minden hordoz\u00f3fel\u00fcletnek tiszt\u00e1nak, por-, v\u00edz-, \u00e9s olajmentesnek kell lennie. A szennyezett fel\u00fcletet meg kell tiszt\u00edtani. A sima fel\u00fcletet (pl. aljzatkiegyenl\u00edt\u0151) \u00e9rdes\u00edteni kell! Beton eset\u00e9n az alapoz\u00f3 r\u00e9teget csak teherb\u00edr\u00f3, min. 28 napos, saj\u00e1t lev\u00e9ben f\u00e1val sim\u00edtott, nem jav\u00edtott, nem vakolt, nem cementsz\u00f3r\u00e1ssal sim\u00edtott, pormentes, olajmentes, v\u00edzmentes, alulr\u00f3l nem nedvesed\u0151 szerkezeti betonra szabad felhordani.<\/p>\n\n\n\n<p><strong><u>A hordoz\u00f3fel\u00fcleten minden esetben tapad\u00e1spr\u00f3b\u00e1t kell v\u00e9gezni!<\/u><\/strong><\/p>\n\n\n\n<p><strong>K\u00f6t\u00e9si mechanizmus:<\/strong> a m\u0171gyanta a hagyom\u00e1nyos ragaszt\u00f3kkal ill. k\u00f6t\u0151anyagokkal szemben nem az old\u00f3szer elp\u00e1rologtat\u00e1s\u00e1val k\u00f6t meg, hanem a \u201eB\u201d komponens \u00e1ltal elind\u00edtott k\u00e9miai reakci\u00f3val un. t\u00e9rh\u00e1l\u00f3sod\u00e1ssal kem\u00e9nyedik ki.<\/p>\n\n\n\n<p><strong>K\u00f6t\u00e9si id\u0151:<\/strong> a kikem\u00e9nyed\u00e9s idej\u00e9t a \u201eB\u201d komponens mennyis\u00e9g\u00e9nek v\u00e1ltoztat\u00e1s\u00e1val viszonylag t\u00e1g hat\u00e1rokon bel\u00fcl m\u00f3dos\u00edthatjuk.<\/p>\n\n\n\n<p>N\u00f6vekv\u0151 h\u0151m\u00e9rs\u00e9klet: cs\u00f6kken\u0151 k\u00f6t\u00e9si id\u0151, cs\u00f6kken\u0151 h\u0151m\u00e9rs\u00e9klet: n\u00f6vekv\u0151 k\u00f6t\u00e9si id\u0151. A 2% \u201eB\u201d komponens alatti ar\u00e1nyban kevert gyanta fel\u00fclete hosszabb ideig ragacsos maradhat. A felhaszn\u00e1l\u00e1s lehet\u0151leg 15-30 C k\u00f6z\u00f6tti h\u0151m\u00e9rs\u00e9kleten t\u00f6rt\u00e9njen. Sz\u00e9ls\u0151s\u00e9ges esetben a t\u00e9rh\u00e1l\u00f3sod\u00e1s nem j\u00f6n l\u00e9tre, ez\u00e9rt javasolt a pr\u00f3bakever\u00e9s.<\/p>\n\n\n\n<p><strong>H\u0151fejl\u0151d\u00e9s:<\/strong> a t\u00e9rh\u00e1l\u00f3sod\u00e1s sor\u00e1n h\u0151 szabadul fel, gyors k\u00f6t\u00e9sn\u00e9l t\u00f6bb, lass\u00fa k\u00f6t\u00e9sn\u00e9l kevesebb.<\/p>\n\n\n\n<p><strong>Zsugorod\u00e1s:<\/strong> a k\u00f6t\u00e9sn\u00e9l 8% k\u00f6r\u00fcli t\u00e9rfogatcs\u00f6kken\u00e9s, zsugorod\u00e1s j\u00f6n l\u00e9tre, melynek m\u00e9rt\u00e9k\u00e9t t\u00f6lt\u0151anyaggal cs\u00f6kkentheti.<\/p>\n\n\n\n<p><strong>T\u00f6lt\u0151anyagok:<\/strong> a felhaszn\u00e1lt gyanta mennyis\u00e9g\u00e9t, zsugorod\u00e1s\u00e1nak m\u00e9rt\u00e9k\u00e9t \u00e9s a keletkez\u0151 h\u0151 nagys\u00e1g\u00e1t t\u00f6lt\u0151anyagok hozz\u00e1ad\u00e1s\u00e1val cs\u00f6kkentheti. Ilyen anyagok lehetnek: homok, m\u00e9szk\u0151por, \u00fcvegsz\u00e1l vagy \u00fcvegsz\u00f6vet, stb.<\/p>\n\n\n\n<p>Az adagolhat\u00f3 t\u00f6lt\u0151anyag mennyis\u00e9ge f\u00fcgg a szemcsenagys\u00e1gt\u00f3l: kisebb szemcsenagys\u00e1gn\u00e1l t\u00f6bb, nagyobb szemcsenagys\u00e1gn\u00e1l kevesebb t\u00f6lt\u0151anyag adagolhat\u00f3.<\/p>\n\n\n\n<p><strong>Formalev\u00e1laszt\u00e1s:<\/strong> a m\u0171gyanta zs\u00edros, olajos fel\u00fcletekr\u0151l k\u00f6t\u00e9s ut\u00e1n marad\u00e9ktalanul lev\u00e1lik, \u00e9s teljesen felveszi a fel\u00fclet alakj\u00e1t.<\/p>\n\n\n\n<p><strong>Sz\u00ednezhet\u0151s\u00e9g<\/strong>: a m\u0171gyanta pigmentekkel ill. nitroh\u00edg\u00edt\u00f3val h\u00edg\u00edthat\u00f3 fest\u00e9kek sz\u00ednez\u00e9keivel tetsz\u0151legesen sz\u00ednezhet\u0151.<\/p>\n\n\n\n<p>A sz\u00ednez\u00e9ket kis mennyis\u00e9gen v\u00e9gzett pr\u00f3bakever\u00e9ssel javasolt kipr\u00f3b\u00e1lni.<\/p>\n\n\n\n<p><strong>S\u0171r\u0171s\u00e9g:<\/strong> a m\u0171gyanta s\u0171r\u0171s\u00e9ge a h\u0151m\u00e9rs\u00e9klet emelked\u00e9s\u00e9vel cs\u00f6kken.<\/p>\n\n\n\n<p><strong>A felhaszn\u00e1lt szersz\u00e1mok tiszt\u00edt\u00e1sa:<\/strong> a munka sor\u00e1n felhaszn\u00e1lt szersz\u00e1mokat m\u00e9g a t\u00e9rh\u00e1l\u00f3sod\u00e1s el\u0151tt nitroh\u00edg\u00edt\u00f3val vagy acetonnal lehet megtiszt\u00edtani.<\/p>\n\n\n\n<p><strong>A term\u00e9k (t\u00f6bbek k\u00f6zt) az al\u00e1bbiakhoz haszn\u00e1lhat\u00f3<\/strong>: ragaszt\u00e1s, aut\u00f3karossz\u00e9ria jav\u00edt\u00e1s, kitt k\u00e9sz\u00edt\u00e9s, hibajav\u00edt\u00e1s, megszakadt menetek jav\u00edt\u00e1sa, sziv\u00e1rg\u00e1selh\u00e1r\u00edt\u00e1s, \u00fcvegsz\u00e1ler\u0151s\u00edt\u00e9s\u0171 t\u00e1rgyak k\u00e9sz\u00edt\u00e9se, jav\u00edt\u00e1sa, d\u00edsz- \u00e9s haszn\u00e1lati t\u00e1rgyak \u00f6nt\u00e9se, m\u0171gyanta-beton, m\u0171m\u00e1rv\u00e1ny, m\u0171gr\u00e1nit, \u00f6nter\u00fcl\u0151 padl\u00f3, fel\u00fcletv\u00e9delem, lakk, villamosipari szigetel\u0151lakk, be\u00f6nt\u0151gyanta.<\/p>\n\n\n\n<p><strong>Munkav\u00e9delmi, felhaszn\u00e1l\u00e1si \u00e9s t\u00e1rol\u00e1si utas\u00edt\u00e1s.<\/strong> Felhaszn\u00e1l\u00e1s k\u00f6zben a doh\u00e1nyz\u00e1s \u00e9s a ny\u00edlt l\u00e1ng haszn\u00e1lata tilos.<\/p>\n\n\n\n<p>Max. 25\u00b0C-on, lez\u00e1rva, f\u00e9nyt\u0151l \u00e9s sug\u00e1rz\u00f3 h\u0151t\u0151l v\u00e9dve, m\u00e1s anyagokt\u00f3l t\u00e1vol, doboz\u00e1ba visszahelyezve kell t\u00e1rolni. A \u201eB\u201d komponens a gyant\u00e1n k\u00edv\u00fcl m\u00e1s anyagokkal nem \u00e9rintkezhet.<\/p>\n\n\n\n<p>A gyanta g\u0151zeinek tart\u00f3s bel\u00e9gz\u00e9se az eg\u00e9szs\u00e9gre \u00e1rtalmas. A feldolgoz\u00e1s hely\u00e9n \u00e1lland\u00f3 l\u00e9gcser\u00e9r\u0151l kell gondoskodni. Ker\u00fclni kell a komponensek szembe jut\u00e1s\u00e1t, b\u0151rrel val\u00f3 \u00e9rintkez\u00e9s\u00e9t, ha ez m\u00e9gis megt\u00f6rt\u00e9nik akkor vizes mos\u00e1st kell alkalmazni, sz\u00fcks\u00e9g eset\u00e9n orvoshoz kell fordulni. V\u00e9d\u0151szem\u00fcveg \u00e9s v\u00e9d\u0151keszty\u0171 visel\u00e9se k\u00f6telez\u0151<\/p>\n\n\n\n<p>T\u0171zvesz\u00e9lyess\u00e9g: B t\u0171zvesz\u00e9lyess\u00e9gi oszt\u00e1ly, II. fokozat. Lobban\u00e1spont 35 C.<\/p>\n\n\n\n<p><strong>H \u00e9s P mondatok:<\/strong><\/p>\n\n\n\n<p>l\u00e1sd a v\u00f6dr\u00f6n elhelyezett sz\u00ednes c\u00edmk\u00e9n!<\/p>\n\n\n\n<p>Szavatoss\u00e1g: 12 h\u00f3nap.<\/p>\n\n\n\n<p>Gy\u00e1rt\u00f3, gy\u00e1rt\u00e1si id\u0151: l\u00e1sd a v\u00f6dr\u00f6n elhelyezett sz\u00ednes c\u00edmk\u00e9n!<\/p>\n\n\n\n<p class=\"has-text-align-center\"><strong>T\u00e1j\u00e9koztat\u00f3 jelleg\u0171 kever\u00e9si ar\u00e1nyok (25\u00b0C-on)<\/strong><\/p>\n\n\n\n<figure class=\"wp-block-table is-style-regular\"><table><tbody><tr><td><strong>M\u0171gyanta<\/strong><\/td><td><strong>&#8220;B&#8221; komponens<\/strong><\/td><td><strong>K\u00f6t\u00e9si id\u0151<\/strong><\/td><\/tr><tr><td>5 ml (k\u00e1v\u00e9skan\u00e1l)<\/td><td>2 csepp<\/td><td>1-2 \u00f3ra<\/td><\/tr><tr><td>5 ml (k\u00e1v\u00e9skan\u00e1l)<\/td><td>4 csepp<\/td><td>10-20 perc<\/td><\/tr><tr><td>20 ml (ev\u0151kan\u00e1l)<\/td><td>5 csepp<\/td><td>1-2 \u00f3ra<\/td><\/tr><tr><td>20 ml (ev\u0151kan\u00e1l)<\/td><td>15 csepp<\/td><td>10-20 perc<\/td><\/tr><tr><td>0,5 dl<\/td><td>0,5 ml<\/td><td>1-2 \u00f3ra<\/td><\/tr><tr><td>0,5 dl<\/td><td>1,5 ml<\/td><td>10- 20 perc<\/td><\/tr><tr><td>1 dl<\/td><td>1 ml<\/td><td>1-2 \u00f3ra<\/td><\/tr><tr><td>1 dl<\/td><td>3 ml<\/td><td>10- 20 perc<\/td><\/tr><\/tbody><\/table><\/figure>\n","protected":false},"excerpt":{"rendered":"<p>M\u0170GYANTA &#8211; \u00c1ltal\u00e1nos tudnival\u00f3k A hordoz\u00f3fel\u00fclettel szemben t\u00e1masztott k\u00f6vetelm\u00e9nyek: Minden hordoz\u00f3fel\u00fcletnek tiszt\u00e1nak, por-, v\u00edz-, \u00e9s olajmentesnek kell lennie. A szennyezett fel\u00fcletet meg kell tiszt\u00edtani. A&hellip;<\/p>\n","protected":false},"author":2,"featured_media":453,"parent":5,"menu_order":0,"comment_status":"closed","ping_status":"open","template":"","meta":[],"_links":{"self":[{"href":"http:\/\/www.ablonczy.hu\/epitoipar\/wp-json\/wp\/v2\/pages\/34"}],"collection":[{"href":"http:\/\/www.ablonczy.hu\/epitoipar\/wp-json\/wp\/v2\/pages"}],"about":[{"href":"http:\/\/www.ablonczy.hu\/epitoipar\/wp-json\/wp\/v2\/types\/page"}],"author":[{"embeddable":true,"href":"http:\/\/www.ablonczy.hu\/epitoipar\/wp-json\/wp\/v2\/users\/2"}],"replies":[{"embeddable":true,"href":"http:\/\/www.ablonczy.hu\/epitoipar\/wp-json\/wp\/v2\/comments?post=34"}],"version-history":[{"count":13,"href":"http:\/\/www.ablonczy.hu\/epitoipar\/wp-json\/wp\/v2\/pages\/34\/revisions"}],"predecessor-version":[{"id":889,"href":"http:\/\/www.ablonczy.hu\/epitoipar\/wp-json\/wp\/v2\/pages\/34\/revisions\/889"}],"up":[{"embeddable":true,"href":"http:\/\/www.ablonczy.hu\/epitoipar\/wp-json\/wp\/v2\/pages\/5"}],"wp:featuredmedia":[{"embeddable":true,"href":"http:\/\/www.ablonczy.hu\/epitoipar\/wp-json\/wp\/v2\/media\/453"}],"wp:attachment":[{"href":"http:\/\/www.ablonczy.hu\/epitoipar\/wp-json\/wp\/v2\/media?parent=34"}],"curies":[{"name":"wp","href":"https:\/\/api.w.org\/{rel}","templated":true}]}}